{"id":21353,"date":"2026-02-23T13:39:31","date_gmt":"2026-02-23T13:39:31","guid":{"rendered":"https:\/\/thooft.com\/?page_id=21353"},"modified":"2026-03-10T17:09:22","modified_gmt":"2026-03-10T17:09:22","slug":"miroirs-deknudt","status":"publish","type":"page","link":"https:\/\/thooft.com\/fr\/accessoires-et-decoration\/miroirs-deknudt\/","title":{"rendered":"Miroirs Deknudt"},"content":{"rendered":"<div data-elementor-type=\"wp-page\" data-elementor-id=\"21353\" class=\"elementor elementor-21353\" data-elementor-post-type=\"page\">\n\t\t\t\t<div class=\"elementor-element elementor-element-5c10b812 e-flex e-con-boxed e-con e-parent\" data-id=\"5c10b812\" data-element_type=\"container\" data-settings=\"{&quot;background_background&quot;:&quot;classic&quot;,&quot;jet_parallax_layout_list&quot;:[]}\">\n\t\t\t\t\t<div class=\"e-con-inner\">\n\t\t<div class=\"elementor-element elementor-element-d2fbd33 e-con-full e-flex e-con e-child\" data-id=\"d2fbd33\" data-element_type=\"container\" data-settings=\"{&quot;jet_parallax_layout_list&quot;:[]}\">\n\t\t\t\t<div class=\"elementor-element elementor-element-3dbe9571 jet-breadcrumbs-align-mobile-center elementor-widget elementor-widget-jet-breadcrumbs\" data-id=\"3dbe9571\" data-element_type=\"widget\" data-widget_type=\"jet-breadcrumbs.default\">\n\t\t\t\t<div class=\"elementor-widget-container\">\n\t\t\t\t\t<div class=\"elementor-jet-breadcrumbs jet-blocks\">\n\t\t<div class=\"jet-breadcrumbs\">\n\t\t<div class=\"jet-breadcrumbs__content\">\n\t\t<div class=\"jet-breadcrumbs__wrap\"><div class=\"jet-breadcrumbs__item\"><a href=\"https:\/\/thooft.com\/fr\/\" class=\"jet-breadcrumbs__item-link is-home\" rel=\"home\" title=\"Accueil\">Accueil<\/a><\/div>\n\t\t<\/div>\n\t\t<\/div>\n\t\t<\/div><\/div>\t\t\t\t<\/div>\n\t\t\t\t<\/div>\n\t\t\t\t<div class=\"elementor-element elementor-element-75ebb515 elementor-widget elementor-widget-heading\" data-id=\"75ebb515\" data-element_type=\"widget\" data-widget_type=\"heading.default\">\n\t\t\t\t<div class=\"elementor-widget-container\">\n\t\t\t\t\t<h1 class=\"elementor-heading-title elementor-size-default\">Miroirs Deknudt<\/h1>\t\t\t\t<\/div>\n\t\t\t\t<\/div>\n\t\t\t\t<div class=\"elementor-element elementor-element-68e3c87 elementor-widget elementor-widget-heading\" data-id=\"68e3c87\" data-element_type=\"widget\" data-widget_type=\"heading.default\">\n\t\t\t\t<div class=\"elementor-widget-container\">\n\t\t\t\t\t<span class=\"elementor-heading-title elementor-size-default\">Miroirs de cr\u00e9ateurs belges<\/span>\t\t\t\t<\/div>\n\t\t\t\t<\/div>\n\t\t\t\t<\/div>\n\t\t<div class=\"elementor-element elementor-element-df016e2 e-con-full e-flex e-con e-child\" data-id=\"df016e2\" data-element_type=\"container\" data-settings=\"{&quot;background_background&quot;:&quot;classic&quot;,&quot;jet_parallax_layout_list&quot;:[]}\">\n\t\t\t\t<div class=\"elementor-element elementor-element-8a4a246 elementor-widget elementor-widget-image\" data-id=\"8a4a246\" data-element_type=\"widget\" data-widget_type=\"image.default\">\n\t\t\t\t<div class=\"elementor-widget-container\">\n\t\t\t\t\t\t\t\t\t\t\t\t\t\t\t\t<a href=\"http:\/\/www.ateliervierkant.com\/\" target=\"_blank\" rel=\"noopener noreferrer nofollow\">\n\t\t\t\t\t\t\t<img fetchpriority=\"high\" decoding=\"async\" width=\"768\" height=\"280\" src=\"https:\/\/thooft.com\/wp-content\/uploads\/2026\/02\/Deknudt_logo_RGB_SCREEN_POS-002-768x280.png\" class=\"attachment-medium_large size-medium_large wp-image-21356\" alt=\"\" srcset=\"https:\/\/thooft.com\/wp-content\/uploads\/2026\/02\/Deknudt_logo_RGB_SCREEN_POS-002-768x280.png 768w, https:\/\/thooft.com\/wp-content\/uploads\/2026\/02\/Deknudt_logo_RGB_SCREEN_POS-002-300x109.png 300w, https:\/\/thooft.com\/wp-content\/uploads\/2026\/02\/Deknudt_logo_RGB_SCREEN_POS-002-1024x373.png 1024w, https:\/\/thooft.com\/wp-content\/uploads\/2026\/02\/Deknudt_logo_RGB_SCREEN_POS-002-1536x560.png 1536w, https:\/\/thooft.com\/wp-content\/uploads\/2026\/02\/Deknudt_logo_RGB_SCREEN_POS-002-18x7.png 18w, https:\/\/thooft.com\/wp-content\/uploads\/2026\/02\/Deknudt_logo_RGB_SCREEN_POS-002.png 1625w\" sizes=\"(max-width: 768px) 100vw, 768px\">\t\t\t\t\t\t\t\t<\/a>\n\t\t\t\t\t\t\t\t\t\t\t\t\t\t\t<\/div>\n\t\t\t\t<\/div>\n\t\t\t\t<\/div>\n\t\t\t\t\t<\/div>\n\t\t\t\t<\/div>\n\t\t<div class=\"elementor-element elementor-element-62b2a465 e-flex e-con-boxed e-con e-parent\" data-id=\"62b2a465\" data-element_type=\"container\" data-settings=\"{&quot;jet_parallax_layout_list&quot;:[]}\">\n\t\t\t\t\t<div class=\"e-con-inner\">\n\t\t\t\t<div class=\"elementor-element elementor-element-1a14704d elementor-widget elementor-widget-heading\" data-id=\"1a14704d\" data-element_type=\"widget\" data-widget_type=\"heading.default\">\n\t\t\t\t<div class=\"elementor-widget-container\">\n\t\t\t\t\t<h2 class=\"elementor-heading-title elementor-size-default\">Pourquoi choisir les miroirs Deknudt<\/h2>\t\t\t\t<\/div>\n\t\t\t\t<\/div>\n\t\t\t\t<div class=\"elementor-element elementor-element-53d80c24 elementor-widget elementor-widget-text-editor\" data-id=\"53d80c24\" data-element_type=\"widget\" data-widget_type=\"text-editor.default\">\n\t\t\t\t<div class=\"elementor-widget-container\">\n\t\t\t\t\t\t\t\t\t<p data-start=\"100\" data-end=\"307\">L\u00e0 o\u00f9 la lumi\u00e8re, les proportions et la finition se rencontrent parfaitement. Depuis 1946, Deknudt Mirrors fabrique des miroirs dans son propre atelier \u00e0 Deerlijk, avec un savoir-faire que l'on retrouve dans chaque ar\u00eate, chaque ligne et chaque reflet. Derri\u00e8re la simplicit\u00e9 d'un miroir se cache un travail de pr\u00e9cision pur : construit couche par couche, avec des techniques transmises de g\u00e9n\u00e9ration en g\u00e9n\u00e9ration. Le r\u00e9sultat est un miroir qui n'est pas seulement beau, mais qui est aussi con\u00e7u pour durer des ann\u00e9es, voire des g\u00e9n\u00e9rations.<\/p><p data-start=\"309\" data-end=\"516\">Avec du verre europ\u00e9en de premi\u00e8re qualit\u00e9 et un processus de production strictement contr\u00f4l\u00e9 et certifi\u00e9 ISO, vous n'obtenez pas une \"d\u00e9coration\", mais un objet durable qui agrandit l'espace, cr\u00e9e de la profondeur et transforme un espace (ext\u00e9rieur) en une exp\u00e9rience.<\/p><p data-start=\"518\" data-end=\"726\">En coulisses aussi, la situation est bonne : Deknudt produit consciemment en Europe et investit dans une empreinte \u00e9cologique r\u00e9duite, notamment gr\u00e2ce \u00e0 des panneaux solaires et \u00e0 la r\u00e9utilisation de l'eau dans le processus de production.<\/p><p data-start=\"518\" data-end=\"726\">Le design est au c\u0153ur de la marque : l'\u00e9quipe de designers internes allie beaut\u00e9 et fonctionnalit\u00e9 dans des formes intemporelles, inspir\u00e9es par l'architecture, l'art et la mode, entre autres, et met au d\u00e9fi les fabricants avec de nouvelles techniques et de nouveaux mat\u00e9riaux.<\/p>\t\t\t\t\t\t\t\t<\/div>\n\t\t\t\t<\/div>\n\t\t\t\t\t<\/div>\n\t\t\t\t<\/div>\n\t\t<div class=\"elementor-element elementor-element-478d4e7 e-flex e-con-boxed e-con e-parent\" data-id=\"478d4e7\" data-element_type=\"container\" data-settings=\"{&quot;jet_parallax_layout_list&quot;:[]}\">\n\t\t\t\t\t<div class=\"e-con-inner\">\n\t\t\t\t<div class=\"elementor-element elementor-element-6927051 elementor-widget elementor-widget-heading\" data-id=\"6927051\" data-element_type=\"widget\" data-widget_type=\"heading.default\">\n\t\t\t\t<div class=\"elementor-widget-container\">\n\t\t\t\t\t<h2 class=\"elementor-heading-title elementor-size-default\">Nos collections pr\u00e9f\u00e9r\u00e9es de miroirs Deknudt<\/h2>\t\t\t\t<\/div>\n\t\t\t\t<\/div>\n\t\t\t\t<div class=\"elementor-element elementor-element-efe071a elementor-widget elementor-widget-jet-listing-grid\" data-id=\"efe071a\" data-element_type=\"widget\" data-settings=\"{&quot;columns&quot;:3}\" data-widget_type=\"jet-listing-grid.default\">\n\t\t\t\t<div class=\"elementor-widget-container\">\n\t\t\t\t\t<div class=\"jet-listing-grid jet-listing\"><div class=\"jet-listing-not-found jet-listing-grid__items\" data-nav=\"{&quot;enabled&quot;:false,&quot;type&quot;:null,&quot;more_el&quot;:null,&quot;query&quot;:[],&quot;widget_settings&quot;:{&quot;lisitng_id&quot;:11433,&quot;posts_num&quot;:12,&quot;columns&quot;:3,&quot;columns_tablet&quot;:3,&quot;columns_mobile&quot;:3,&quot;column_min_width&quot;:240,&quot;column_min_width_tablet&quot;:240,&quot;column_min_width_mobile&quot;:240,&quot;inline_columns_css&quot;:false,&quot;is_archive_template&quot;:&quot;&quot;,&quot;post_status&quot;:[&quot;publish&quot;],&quot;use_random_posts_num&quot;:&quot;&quot;,&quot;max_posts_num&quot;:9,&quot;not_found_message&quot;:&quot;No data was found&quot;,&quot;is_masonry&quot;:false,&quot;equal_columns_height&quot;:&quot;&quot;,&quot;use_load_more&quot;:&quot;&quot;,&quot;load_more_id&quot;:&quot;&quot;,&quot;load_more_type&quot;:&quot;click&quot;,&quot;load_more_offset&quot;:{&quot;unit&quot;:&quot;px&quot;,&quot;size&quot;:0,&quot;sizes&quot;:[]},&quot;use_custom_post_types&quot;:&quot;&quot;,&quot;custom_post_types&quot;:[],&quot;hide_widget_if&quot;:&quot;&quot;,&quot;carousel_enabled&quot;:&quot;&quot;,&quot;slides_to_scroll&quot;:&quot;1&quot;,&quot;arrows&quot;:&quot;true&quot;,&quot;arrow_icon&quot;:&quot;fa fa-angle-left&quot;,&quot;dots&quot;:&quot;&quot;,&quot;autoplay&quot;:&quot;true&quot;,&quot;pause_on_hover&quot;:&quot;true&quot;,&quot;autoplay_speed&quot;:5000,&quot;infinite&quot;:&quot;true&quot;,&quot;center_mode&quot;:&quot;&quot;,&quot;effect&quot;:&quot;slide&quot;,&quot;speed&quot;:500,&quot;inject_alternative_items&quot;:&quot;&quot;,&quot;injection_items&quot;:[],&quot;scroll_slider_enabled&quot;:&quot;&quot;,&quot;scroll_slider_on&quot;:[&quot;desktop&quot;,&quot;tablet&quot;,&quot;mobile&quot;],&quot;custom_query&quot;:false,&quot;custom_query_id&quot;:&quot;&quot;,&quot;_element_id&quot;:&quot;&quot;,&quot;collapse_first_last_gap&quot;:false,&quot;list_items_wrapper_tag&quot;:&quot;div&quot;,&quot;list_item_tag&quot;:&quot;div&quot;,&quot;empty_items_wrapper_tag&quot;:&quot;div&quot;}}\" data-listing-source=\"posts\" data-listing-id=\"11433\" data-query-id=\"\" data-queried-id=\"21353|WP_Post\">Aucune donn\u00e9e n'a \u00e9t\u00e9 trouv\u00e9e<\/div><\/div>\t\t\t\t<\/div>\n\t\t\t\t<\/div>\n\t\t\t\t\t<\/div>\n\t\t\t\t<\/div>\n\t\t<div class=\"elementor-element elementor-element-26b08327 e-flex e-con-boxed e-con e-parent\" data-id=\"26b08327\" data-element_type=\"container\" data-settings=\"{&quot;jet_parallax_layout_list&quot;:[]}\">\n\t\t\t\t\t<div class=\"e-con-inner\">\n\t\t<div class=\"elementor-element elementor-element-204c0a5d e-con-full e-flex e-con e-child\" data-id=\"204c0a5d\" data-element_type=\"container\" data-settings=\"{&quot;background_background&quot;:&quot;classic&quot;,&quot;jet_parallax_layout_list&quot;:[]}\">\n\t\t\t\t<div class=\"elementor-element elementor-element-7ed390f1 elementor-widget elementor-widget-heading\" data-id=\"7ed390f1\" data-element_type=\"widget\" data-widget_type=\"heading.default\">\n\t\t\t\t<div class=\"elementor-widget-container\">\n\t\t\t\t\t<h2 class=\"elementor-heading-title elementor-size-default\">Besoin de plus d'informations ?\n<\/h2>\t\t\t\t<\/div>\n\t\t\t\t<\/div>\n\t\t\t\t<div class=\"elementor-element elementor-element-388a8b7 elementor-widget elementor-widget-text-editor\" data-id=\"388a8b7\" data-element_type=\"widget\" data-widget_type=\"text-editor.default\">\n\t\t\t\t<div class=\"elementor-widget-container\">\n\t\t\t\t\t\t\t\t\t<p>De plus amples informations sur toutes les tailles et sp\u00e9cifications sont disponibles \u00e0 l'adresse suivante\u00a0<strong><a href=\"https:\/\/www.deknudtmirrors.com\/\" rel=\"noopener noreferrer nofollow\" target=\"_blank\">leur site web<\/a><\/strong>.<\/p>\t\t\t\t\t\t\t\t<\/div>\n\t\t\t\t<\/div>\n\t\t\t\t<div class=\"elementor-element elementor-element-14572115 elementor-widget elementor-widget-jet-button\" data-id=\"14572115\" data-element_type=\"widget\" data-widget_type=\"jet-button.default\">\n\t\t\t\t<div class=\"elementor-widget-container\">\n\t\t\t\t\t<div class=\"elementor-jet-button jet-elements\"><div class=\"jet-button__container\">\n\t<a class=\"jet-button__instance jet-button__instance--icon-right hover-effect-11\" href=\"https:\/\/thooft.com\/fr\/prendre-un-rendez-vous\/\">\n\t\t<div class=\"jet-button__plane jet-button__plane-normal\"><\/div>\n\t\t<div class=\"jet-button__plane jet-button__plane-hover\"><\/div>\n\t\t<div class=\"jet-button__state jet-button__state-normal\">\n\t\t\t<span class=\"jet-button__icon jet-elements-icon\"><svg xmlns=\"http:\/\/www.w3.org\/2000\/svg\" width=\"36\" height=\"36\" viewbox=\"0 0 36 36\" fill=\"none\"><rect width=\"36\" height=\"36\" rx=\"18\" fill=\"#C2971C\"><\/rect><path d=\"M10 15.3333H26M13.5556 10V11.7778M22.4444 10V11.7778M12.6667 18H14.4444M17.1111 18H18.8889M21.5556 18H23.3333M12.6667 20.6667H14.4444M17.1111 20.6667H18.8889M21.5556 20.6667H23.3333M12.6667 23.3333H14.4444M17.1111 23.3333H18.8889M21.5556 23.3333H23.3333M12.8444 26H23.1556C24.1512 26 24.6491 26 25.0293 25.8062C25.3638 25.6358 25.6358 25.3638 25.8062 25.0293C26 24.6491 26 24.1512 26 23.1556V14.6222C26 13.6266 26 13.1287 25.8062 12.7485C25.6358 12.4139 25.3638 12.142 25.0293 11.9715C24.6491 11.7778 24.1512 11.7778 23.1556 11.7778H12.8444C11.8488 11.7778 11.351 11.7778 10.9707 11.9715C10.6362 12.142 10.3642 12.4139 10.1938 12.7485C10 13.1287 10 13.6266 10 14.6222V23.1556C10 24.1512 10 24.6491 10.1938 25.0293C10.3642 25.3638 10.6362 25.6358 10.9707 25.8062C11.351 26 11.8488 26 12.8444 26Z\" stroke=\"white\" stroke-linecap=\"round\"><\/path><\/svg><\/span><span class=\"jet-button__label\">Prendre rendez-vous<\/span>\t\t<\/div>\n\t\t<div class=\"jet-button__state jet-button__state-hover\">\n\t\t\t<span class=\"jet-button__icon jet-elements-icon\"><svg xmlns=\"http:\/\/www.w3.org\/2000\/svg\" width=\"36\" height=\"36\" viewbox=\"0 0 36 36\" fill=\"none\"><rect width=\"36\" height=\"36\" rx=\"18\" fill=\"#C2971C\"><\/rect><path d=\"M10 15.3333H26M13.5556 10V11.7778M22.4444 10V11.7778M12.6667 18H14.4444M17.1111 18H18.8889M21.5556 18H23.3333M12.6667 20.6667H14.4444M17.1111 20.6667H18.8889M21.5556 20.6667H23.3333M12.6667 23.3333H14.4444M17.1111 23.3333H18.8889M21.5556 23.3333H23.3333M12.8444 26H23.1556C24.1512 26 24.6491 26 25.0293 25.8062C25.3638 25.6358 25.6358 25.3638 25.8062 25.0293C26 24.6491 26 24.1512 26 23.1556V14.6222C26 13.6266 26 13.1287 25.8062 12.7485C25.6358 12.4139 25.3638 12.142 25.0293 11.9715C24.6491 11.7778 24.1512 11.7778 23.1556 11.7778H12.8444C11.8488 11.7778 11.351 11.7778 10.9707 11.9715C10.6362 12.142 10.3642 12.4139 10.1938 12.7485C10 13.1287 10 13.6266 10 14.6222V23.1556C10 24.1512 10 24.6491 10.1938 25.0293C10.3642 25.3638 10.6362 25.6358 10.9707 25.8062C11.351 26 11.8488 26 12.8444 26Z\" stroke=\"white\" stroke-linecap=\"round\"><\/path><\/svg><\/span><span class=\"jet-button__label\">Prendre rendez-vous<\/span>\t\t<\/div>\n\t<\/a>\n<\/div>\n<\/div>\t\t\t\t<\/div>\n\t\t\t\t<\/div>\n\t\t\t\t<\/div>\n\t\t\t\t\t<\/div>\n\t\t\t\t<\/div>\n\t\t<div class=\"elementor-element elementor-element-2cd7a9f2 e-flex e-con-boxed e-con e-parent\" data-id=\"2cd7a9f2\" data-element_type=\"container\" data-settings=\"{&quot;jet_parallax_layout_list&quot;:[]}\">\n\t\t\t\t\t<div class=\"e-con-inner\">\n\t\t<div class=\"elementor-element elementor-element-5f6fd052 e-con-full e-flex e-con e-child\" data-id=\"5f6fd052\" data-element_type=\"container\" data-settings=\"{&quot;jet_parallax_layout_list&quot;:[]}\">\n\t\t\t\t<div class=\"elementor-element elementor-element-63b48e31 elementor-widget elementor-widget-heading\" data-id=\"63b48e31\" data-element_type=\"widget\" data-widget_type=\"heading.default\">\n\t\t\t\t<div class=\"elementor-widget-container\">\n\t\t\t\t\t<h2 class=\"elementor-heading-title elementor-size-default\">D\u00e9couvrez d'autres marques<\/h2>\t\t\t\t<\/div>\n\t\t\t\t<\/div>\n\t\t\t\t<div class=\"elementor-element elementor-element-724652c4 elementor-widget__width-initial elementor-widget elementor-widget-text-editor\" data-id=\"724652c4\" data-element_type=\"widget\" data-widget_type=\"text-editor.default\">\n\t\t\t\t<div class=\"elementor-widget-container\">\n\t\t\t\t\t\t\t\t\t<p>Chez T'Hooft, nous proposons des marques exclusives et uniques dans le monde du mobilier ext\u00e9rieur.<\/p>\t\t\t\t\t\t\t\t<\/div>\n\t\t\t\t<\/div>\n\t\t\t\t<\/div>\n\t\t\t\t<div class=\"elementor-element elementor-element-143f21e4 elementor-widget elementor-widget-global elementor-global-11259 elementor-widget-image-carousel\" data-id=\"143f21e4\" data-element_type=\"widget\" data-settings=\"{&quot;slides_to_show&quot;:&quot;6&quot;,&quot;slides_to_show_tablet&quot;:&quot;5&quot;,&quot;slides_to_show_mobile&quot;:&quot;3&quot;,&quot;navigation&quot;:&quot;none&quot;,&quot;autoplay&quot;:&quot;yes&quot;,&quot;pause_on_hover&quot;:&quot;yes&quot;,&quot;pause_on_interaction&quot;:&quot;yes&quot;,&quot;autoplay_speed&quot;:5000,&quot;infinite&quot;:&quot;yes&quot;,&quot;speed&quot;:500}\" data-widget_type=\"image-carousel.default\">\n\t\t\t\t<div class=\"elementor-widget-container\">\n\t\t\t\t\t\t\t<div class=\"elementor-image-carousel-wrapper swiper\" role=\"region\" aria-roledescription=\"carousel\" aria-label=\"Image du carrousel\" dir=\"ltr\">\n\t\t\t<div class=\"elementor-image-carousel swiper-wrapper\" aria-live=\"off\">\n\t\t\t\t\t\t\t\t<div class=\"swiper-slide\" role=\"group\" aria-roledescription=\"slide\" aria-label=\"1 sur 10\"><figure class=\"swiper-slide-inner\"><img decoding=\"async\" class=\"swiper-slide-image\" src=\"https:\/\/thooft.com\/wp-content\/uploads\/2025\/02\/Jardinico.jpg\" alt=\"Jardinico\" \/><\/figure><\/div><div class=\"swiper-slide\" role=\"group\" aria-roledescription=\"slide\" aria-label=\"2 sur 10\"><figure class=\"swiper-slide-inner\"><img decoding=\"async\" class=\"swiper-slide-image\" src=\"https:\/\/thooft.com\/wp-content\/uploads\/2025\/02\/Kristalia-1.jpg\" alt=\"Kristalia Meubles de jardin\" \/><\/figure><\/div><div class=\"swiper-slide\" role=\"group\" aria-roledescription=\"slide\" aria-label=\"3 sur 10\"><figure class=\"swiper-slide-inner\"><img decoding=\"async\" class=\"swiper-slide-image\" src=\"https:\/\/thooft.com\/wp-content\/uploads\/2025\/02\/Manutti-2.jpg\" alt=\"Logo Manutti\" \/><\/figure><\/div><div class=\"swiper-slide\" role=\"group\" aria-roledescription=\"slide\" aria-label=\"4 sur 10\"><figure class=\"swiper-slide-inner\"><img decoding=\"async\" class=\"swiper-slide-image\" src=\"https:\/\/thooft.com\/wp-content\/uploads\/2025\/02\/Royal-Botania-3.jpg\" alt=\"Botanique royale\" \/><\/figure><\/div><div class=\"swiper-slide\" role=\"group\" aria-roledescription=\"slide\" aria-label=\"5 sur 10\"><figure class=\"swiper-slide-inner\"><img decoding=\"async\" class=\"swiper-slide-image\" src=\"https:\/\/thooft.com\/wp-content\/uploads\/2026\/01\/Ontwerp-zonder-titel.png\" alt=\"Dessin sans titre\" \/><\/figure><\/div><div class=\"swiper-slide\" role=\"group\" aria-roledescription=\"slide\" aria-label=\"6 sur 10\"><figure class=\"swiper-slide-inner\"><img decoding=\"async\" class=\"swiper-slide-image\" src=\"https:\/\/thooft.com\/wp-content\/uploads\/2025\/02\/Vincent-Sheppard.jpg\" alt=\"Vincent-Sheppard\" \/><\/figure><\/div><div class=\"swiper-slide\" role=\"group\" aria-roledescription=\"slide\" aria-label=\"7 sur 10\"><figure class=\"swiper-slide-inner\"><img decoding=\"async\" class=\"swiper-slide-image\" src=\"https:\/\/thooft.com\/wp-content\/uploads\/2026\/01\/Ontwerp-zonder-titel-2.png\" alt=\"Conception sans titre (2)\" \/><\/figure><\/div><div class=\"swiper-slide\" role=\"group\" aria-roledescription=\"slide\" aria-label=\"8 sur 10\"><figure class=\"swiper-slide-inner\"><img decoding=\"async\" class=\"swiper-slide-image\" src=\"https:\/\/thooft.com\/wp-content\/uploads\/2025\/02\/Unopiu.jpg\" alt=\"Unopiu\" \/><\/figure><\/div><div class=\"swiper-slide\" role=\"group\" aria-roledescription=\"slide\" aria-label=\"9 sur 10\"><figure class=\"swiper-slide-inner\"><img decoding=\"async\" class=\"swiper-slide-image\" src=\"https:\/\/thooft.com\/wp-content\/uploads\/2025\/02\/Varaschin-1.jpg\" alt=\"Varaschin-1\" \/><\/figure><\/div><div class=\"swiper-slide\" role=\"group\" aria-roledescription=\"slide\" aria-label=\"10 sur 10\"><figure class=\"swiper-slide-inner\"><img decoding=\"async\" class=\"swiper-slide-image\" src=\"https:\/\/thooft.com\/wp-content\/uploads\/2025\/02\/Weishaupl.jpg\" alt=\"Weishaupl\" \/><\/figure><\/div>\t\t\t<\/div>\n\t\t\t\t\t\t\t\n\t\t\t\t\t\t\t\t\t<\/div>\n\t\t\t\t\t\t<\/div>\n\t\t\t\t<\/div>\n\t\t\t\t<div class=\"elementor-element elementor-element-3f0cd1c1 elementor-widget elementor-widget-global elementor-global-11262 elementor-widget-image-carousel\" data-id=\"3f0cd1c1\" data-element_type=\"widget\" data-settings=\"{&quot;slides_to_show&quot;:&quot;6&quot;,&quot;slides_to_show_tablet&quot;:&quot;5&quot;,&quot;slides_to_show_mobile&quot;:&quot;3&quot;,&quot;navigation&quot;:&quot;none&quot;,&quot;autoplay&quot;:&quot;yes&quot;,&quot;pause_on_hover&quot;:&quot;yes&quot;,&quot;pause_on_interaction&quot;:&quot;yes&quot;,&quot;autoplay_speed&quot;:5000,&quot;infinite&quot;:&quot;yes&quot;,&quot;speed&quot;:500}\" data-widget_type=\"image-carousel.default\">\n\t\t\t\t<div class=\"elementor-widget-container\">\n\t\t\t\t\t\t\t<div class=\"elementor-image-carousel-wrapper swiper\" role=\"region\" aria-roledescription=\"carousel\" aria-label=\"Image du carrousel\" dir=\"rtl\">\n\t\t\t<div class=\"elementor-image-carousel swiper-wrapper\" aria-live=\"off\">\n\t\t\t\t\t\t\t\t<div class=\"swiper-slide\" role=\"group\" aria-roledescription=\"slide\" aria-label=\"1 sur 9\"><figure class=\"swiper-slide-inner\"><img decoding=\"async\" class=\"swiper-slide-image\" src=\"https:\/\/thooft.com\/wp-content\/uploads\/2025\/02\/Heatscope.jpg\" alt=\"Heatscope\" \/><\/figure><\/div><div class=\"swiper-slide\" role=\"group\" aria-roledescription=\"slide\" aria-label=\"2 sur 9\"><figure class=\"swiper-slide-inner\"><img decoding=\"async\" class=\"swiper-slide-image\" src=\"https:\/\/thooft.com\/wp-content\/uploads\/2025\/02\/E-Safe.jpg\" alt=\"E-Safe\" \/><\/figure><\/div><div class=\"swiper-slide\" role=\"group\" aria-roledescription=\"slide\" aria-label=\"3 sur 9\"><figure class=\"swiper-slide-inner\"><img decoding=\"async\" class=\"swiper-slide-image\" src=\"https:\/\/thooft.com\/wp-content\/uploads\/2025\/02\/Fermob-1.jpg\" alt=\"Fermob-1\" \/><\/figure><\/div><div class=\"swiper-slide\" role=\"group\" aria-roledescription=\"slide\" aria-label=\"4 sur 9\"><figure class=\"swiper-slide-inner\"><img decoding=\"async\" class=\"swiper-slide-image\" src=\"https:\/\/thooft.com\/wp-content\/uploads\/2026\/01\/Ontwerp-zonder-titel-1.png\" alt=\"Conception sans titre (1)\" \/><\/figure><\/div><div class=\"swiper-slide\" role=\"group\" aria-roledescription=\"slide\" aria-label=\"5 sur 9\"><figure class=\"swiper-slide-inner\"><img decoding=\"async\" class=\"swiper-slide-image\" src=\"https:\/\/thooft.com\/wp-content\/uploads\/2025\/02\/Gloster.jpg\" alt=\"Gloster\" \/><\/figure><\/div><div class=\"swiper-slide\" role=\"group\" aria-roledescription=\"slide\" aria-label=\"6 sur 9\"><figure class=\"swiper-slide-inner\"><img decoding=\"async\" class=\"swiper-slide-image\" src=\"https:\/\/thooft.com\/wp-content\/uploads\/2025\/02\/Gommaire.jpg\" alt=\"Gommaire\" \/><\/figure><\/div><div class=\"swiper-slide\" role=\"group\" aria-roledescription=\"slide\" aria-label=\"7 sur 9\"><figure class=\"swiper-slide-inner\"><img decoding=\"async\" class=\"swiper-slide-image\" src=\"https:\/\/thooft.com\/wp-content\/uploads\/2025\/02\/Heatsail.jpg\" alt=\"Voile de chauffe\" \/><\/figure><\/div><div class=\"swiper-slide\" role=\"group\" aria-roledescription=\"slide\" aria-label=\"8 sur 9\"><figure class=\"swiper-slide-inner\"><img decoding=\"async\" class=\"swiper-slide-image\" src=\"https:\/\/thooft.com\/wp-content\/uploads\/2025\/02\/Big-Green-Egg.jpg\" alt=\"Gros \u0153uf vert\" \/><\/figure><\/div><div class=\"swiper-slide\" role=\"group\" aria-roledescription=\"slide\" aria-label=\"9 sur 9\"><figure class=\"swiper-slide-inner\"><img decoding=\"async\" class=\"swiper-slide-image\" src=\"https:\/\/thooft.com\/wp-content\/uploads\/2025\/04\/fast-logo-e1743838541474.png\" alt=\"logo rapide\" \/><\/figure><\/div>\t\t\t<\/div>\n\t\t\t\t\t\t\t\n\t\t\t\t\t\t\t\t\t<\/div>\n\t\t\t\t\t\t<\/div>\n\t\t\t\t<\/div>\n\t\t\t\t\t<\/div>\n\t\t\t\t<\/div>\n\t\t\t\t<\/div>","protected":false},"excerpt":{"rendered":"<p>Home Miroirs Deknudt Miroirs design belges Pourquoi choisir les miroirs Deknudt O\u00f9 la lumi\u00e8re, les proportions et la finition se rencontrent parfaitement. Depuis 1946, Deknudt Mirrors fabrique des miroirs dans son propre atelier \u00e0 Deerlijk, avec un savoir-faire que l'on retrouve dans chaque ar\u00eate, chaque ligne et chaque reflet. Derri\u00e8re la simplicit\u00e9 d'un miroir se cache un pur travail de pr\u00e9cision : couche par couche, [...]<\/p>","protected":false},"author":3,"featured_media":0,"parent":10796,"menu_order":0,"comment_status":"closed","ping_status":"closed","template":"","meta":{"footnotes":""},"class_list":["post-21353","page","type-page","status-publish","hentry"],"_links":{"self":[{"href":"https:\/\/thooft.com\/fr\/wp-json\/wp\/v2\/pages\/21353","targetHints":{"allow":["GET"]}}],"collection":[{"href":"https:\/\/thooft.com\/fr\/wp-json\/wp\/v2\/pages"}],"about":[{"href":"https:\/\/thooft.com\/fr\/wp-json\/wp\/v2\/types\/page"}],"author":[{"embeddable":true,"href":"https:\/\/thooft.com\/fr\/wp-json\/wp\/v2\/users\/3"}],"replies":[{"embeddable":true,"href":"https:\/\/thooft.com\/fr\/wp-json\/wp\/v2\/comments?post=21353"}],"version-history":[{"count":8,"href":"https:\/\/thooft.com\/fr\/wp-json\/wp\/v2\/pages\/21353\/revisions"}],"predecessor-version":[{"id":21427,"href":"https:\/\/thooft.com\/fr\/wp-json\/wp\/v2\/pages\/21353\/revisions\/21427"}],"up":[{"embeddable":true,"href":"https:\/\/thooft.com\/fr\/wp-json\/wp\/v2\/pages\/10796"}],"wp:attachment":[{"href":"https:\/\/thooft.com\/fr\/wp-json\/wp\/v2\/media?parent=21353"}],"curies":[{"name":"wp","href":"https:\/\/api.w.org\/{rel}","templated":true}]}}