{"id":10725,"date":"2025-02-24T08:38:28","date_gmt":"2025-02-24T08:38:28","guid":{"rendered":"https:\/\/thooft.bast-agency.com\/?page_id=10725"},"modified":"2025-03-01T00:30:55","modified_gmt":"2025-03-01T00:30:55","slug":"biscuits","status":"publish","type":"page","link":"https:\/\/thooft.com\/fr\/biscuits\/","title":{"rendered":"Cookies"},"content":{"rendered":"<div data-elementor-type=\"wp-page\" data-elementor-id=\"10725\" class=\"elementor elementor-10725\" data-elementor-post-type=\"page\">\n\t\t\t\t<div class=\"elementor-element elementor-element-cc87bfe e-flex e-con-boxed e-con e-parent\" data-id=\"cc87bfe\" data-element_type=\"container\" data-settings=\"{&quot;jet_parallax_layout_list&quot;:[]}\">\n\t\t\t\t\t<div class=\"e-con-inner\">\n\t\t\t\t<div class=\"elementor-element elementor-element-2a1b531 elementor-widget elementor-widget-html\" data-id=\"2a1b531\" data-element_type=\"widget\" data-widget_type=\"html.default\">\n\t\t\t\t<div class=\"elementor-widget-container\">\n\t\t\t\t\t<h1>Politique en mati\u00e8re de cookies de thooft.com<\/h1>\n\n  <p>\n    Chez thooft.com, nous accordons de l'importance \u00e0 votre vie priv\u00e9e et \u00e0 la transparence concernant le traitement de vos donn\u00e9es. Cette politique en mati\u00e8re de cookies vous informe des cookies que nous utilisons, des raisons pour lesquelles nous les d\u00e9ployons et de la mani\u00e8re dont vous pouvez g\u00e9rer vos param\u00e8tres en mati\u00e8re de cookies. Cette politique a \u00e9t\u00e9 pr\u00e9par\u00e9e conform\u00e9ment au R\u00e8glement g\u00e9n\u00e9ral sur la protection des donn\u00e9es (RGPD).\n  <\/p>\n\n  <h2>1. Introduction<\/h2>\n  <p>\n    La pr\u00e9sente politique en mati\u00e8re de cookies a pour but de vous informer pleinement sur l'utilisation des cookies sur thooft.com et de sauvegarder vos droits en tant qu'utilisateur.\n  <\/p>\n\n  <h2>2. Qu'est-ce qu'un cookie ?<\/h2>\n  <p>\n    Les cookies sont de petits fichiers texte stock\u00e9s sur votre ordinateur ou votre appareil mobile lorsque vous visitez un site web. Ils sont utilis\u00e9s pour optimiser le fonctionnement du site web, m\u00e9moriser vos pr\u00e9f\u00e9rences et obtenir des informations sur l'utilisation du site. Les cookies peuvent \u00eatre des \"cookies de session\" (stock\u00e9s temporairement) ou des \"cookies persistants\" (stock\u00e9s pour des p\u00e9riodes plus longues).\n  <\/p>\n\n  <h2>3. Quels sont les cookies utilis\u00e9s par thooft.com ?<\/h2>\n  <p>\n    Nous utilisons des cookies essentiels et non essentiels sur notre site web :\n  <\/p>\n  \n  <h3>Cookies n\u00e9cessaires<\/h3>\n  <p>\n    Ces cookies sont essentiels \u00e0 la fonctionnalit\u00e9 de base du site web et vous permettent d'utiliser nos services de mani\u00e8re s\u00fbre et efficace. Par exemple, ils se souviennent de vos pr\u00e9f\u00e9rences linguistiques ou de votre panier d'achat.\n  <\/p>\n\n  <h3>Cookies non essentiels<\/h3>\n  <p>\n    Ces cookies ne seront install\u00e9s que si vous donnez votre consentement explicite. Il s'agit des cookies suivants\n  <\/p>\n  <ul>\n    <li>\n      <strong>Google Analytics :<\/strong> Nous utilisons Google Analytics pour mieux comprendre comment les visiteurs utilisent notre site web. Les donn\u00e9es collect\u00e9es, telles que le nombre de visiteurs, le temps de visite et les pages visit\u00e9es, sont anonymes et ne sont utilis\u00e9es que pour am\u00e9liorer le site web. Ces donn\u00e9es ne sont pas li\u00e9es \u00e0 votre identit\u00e9.\n    <\/li>\n    <li>\n      <strong>YouTube :<\/strong> Lorsque nous int\u00e9grons des vid\u00e9os de YouTube sur notre site web, des cookies g\u00e9r\u00e9s par YouTube peuvent \u00eatre install\u00e9s. Ces cookies garantissent le bon fonctionnement des vid\u00e9os et peuvent \u00e9galement collecter des informations sur votre interaction avec les vid\u00e9os. Veuillez noter que l'utilisation de ces cookies est soumise aux r\u00e8gles de confidentialit\u00e9 de YouTube et de Google.\n    <\/li>\n  <\/ul>\n  <div class= \"cky-audit-table-element\"><\/div>\n\n  <h2>4. Base juridique et consentement<\/h2>\n  <p>\n    En vertu de la loi AVG, nous fondons la mise en place de cookies non essentiels sur votre consentement explicite. Les cookies essentiels sont install\u00e9s sans votre consentement, car ils sont strictement n\u00e9cessaires au fonctionnement du site web. Vous pouvez ajuster vos param\u00e8tres de cookies via la banni\u00e8re de cookies sur notre site web ou via les param\u00e8tres de votre navigateur.\n  <\/p>\n\n  <h2>5. Gestion des cookies<\/h2>\n  <p>\n    Vous avez le droit de modifier vos pr\u00e9f\u00e9rences en mati\u00e8re de cookies ou de retirer votre consentement \u00e0 tout moment. Vous pouvez le faire via :\n  <\/p>\n  <ul>\n    <li>\n      <strong>Nos param\u00e8tres de cookies :<\/strong> Via la fen\u00eatre contextuelle ou la section \"Param\u00e8tres des cookies\" sur notre site web.\n    <\/li>\n    <li>\n      <strong>Votre navigateur :<\/strong> La plupart des navigateurs vous permettent de bloquer ou de supprimer les cookies. Veuillez consulter la fonction d'aide de votre navigateur pour obtenir des instructions.\n    <\/li>\n  <\/ul>\n  <p>\n    Veuillez noter que la d\u00e9sactivation de certains cookies peut affecter la fonctionnalit\u00e9 de notre site web.\n  <\/p>\n\n  <h2>6. Modifications de la politique en mati\u00e8re de cookies<\/h2>\n  <p>\n    Nous nous r\u00e9servons le droit de modifier cette politique en mati\u00e8re de cookies \u00e0 tout moment. Toute modification sera publi\u00e9e sur cette page. Nous vous recommandons de consulter r\u00e9guli\u00e8rement cette politique afin d'\u00eatre toujours au courant des derni\u00e8res informations concernant notre utilisation des cookies.\n  <\/p>\n\n  <h2>7. Coordonn\u00e9es des personnes \u00e0 contacter<\/h2>\n  <p class=\"contact-info\">\n    Pour toute question concernant cette politique en mati\u00e8re de cookies ou vos droits en mati\u00e8re de protection de la vie priv\u00e9e, veuillez nous contacter \u00e0 l'adresse suivante :\n  <\/p>\n  <p class=\"contact-info\">\n    <strong>T'Hooft Buitengewoon<\/strong><br>\n    Moortelputstraat 1, B-9031 Drongen (Gand)<br>\n    Belgique<br>\n    T\u00e9l : +32 (0) 9 282 31 22<br>\n    Courriel : <a href=\"mailto:info@thooft.com\">info@thooft.com<\/a>\n  <\/p>\n\n  <h2>8. Vos droits<\/h2>\n  <p>\n    En vertu de la loi AVG, vous avez le droit d'acc\u00e9der \u00e0 vos donn\u00e9es personnelles, de les corriger, de les supprimer et de les transf\u00e9rer. Si vous souhaitez exercer ces droits ou si vous avez des questions sur nos pratiques en mati\u00e8re de confidentialit\u00e9 et de cookies, veuillez nous contacter aux coordonn\u00e9es ci-dessus.\n  <\/p>\n\n  <p>\n    <em>Derni\u00e8re mise \u00e0 jour : 28\/02\/2025]<\/em>\n  <\/p>\t\t\t\t<\/div>\n\t\t\t\t<\/div>\n\t\t\t\t\t<\/div>\n\t\t\t\t<\/div>\n\t\t\t\t<\/div>","protected":false},"excerpt":{"rendered":"<p>Politique de cookies de thooft.com Chez thooft.com, nous accordons une grande importance \u00e0 votre vie priv\u00e9e et \u00e0 la transparence du traitement de vos donn\u00e9es. Cette politique en mati\u00e8re de cookies vous informe des cookies que nous utilisons, de la raison pour laquelle nous les d\u00e9ployons et de la mani\u00e8re dont vous pouvez g\u00e9rer vos param\u00e8tres de cookies. Cette politique a \u00e9t\u00e9 pr\u00e9par\u00e9e conform\u00e9ment au r\u00e8glement g\u00e9n\u00e9ral sur la protection des donn\u00e9es (RGPD). 1. Introduction La pr\u00e9sente [...]<\/p>","protected":false},"author":1,"featured_media":0,"parent":0,"menu_order":0,"comment_status":"closed","ping_status":"closed","template":"","meta":{"footnotes":""},"class_list":["post-10725","page","type-page","status-publish","hentry"],"_links":{"self":[{"href":"https:\/\/thooft.com\/fr\/wp-json\/wp\/v2\/pages\/10725","targetHints":{"allow":["GET"]}}],"collection":[{"href":"https:\/\/thooft.com\/fr\/wp-json\/wp\/v2\/pages"}],"about":[{"href":"https:\/\/thooft.com\/fr\/wp-json\/wp\/v2\/types\/page"}],"author":[{"embeddable":true,"href":"https:\/\/thooft.com\/fr\/wp-json\/wp\/v2\/users\/1"}],"replies":[{"embeddable":true,"href":"https:\/\/thooft.com\/fr\/wp-json\/wp\/v2\/comments?post=10725"}],"version-history":[{"count":0,"href":"https:\/\/thooft.com\/fr\/wp-json\/wp\/v2\/pages\/10725\/revisions"}],"wp:attachment":[{"href":"https:\/\/thooft.com\/fr\/wp-json\/wp\/v2\/media?parent=10725"}],"curies":[{"name":"wp","href":"https:\/\/api.w.org\/{rel}","templated":true}]}}