{"id":10721,"date":"2025-02-24T08:37:24","date_gmt":"2025-02-24T08:37:24","guid":{"rendered":"https:\/\/thooft.bast-agency.com\/?page_id=10721"},"modified":"2026-02-28T13:09:15","modified_gmt":"2026-02-28T13:09:15","slug":"contact-et-heures-douverture","status":"publish","type":"page","link":"https:\/\/thooft.com\/fr\/contact-et-heures-douverture\/","title":{"rendered":"Contact"},"content":{"rendered":"<div data-elementor-type=\"wp-page\" data-elementor-id=\"10721\" class=\"elementor elementor-10721\" data-elementor-post-type=\"page\">\n\t\t\t\t<div class=\"elementor-element elementor-element-7db0422c e-flex e-con-boxed e-con e-parent\" data-id=\"7db0422c\" data-element_type=\"container\" data-e-type=\"container\" data-settings=\"{&quot;background_background&quot;:&quot;classic&quot;,&quot;jet_parallax_layout_list&quot;:[]}\">\n\t\t\t\t\t<div class=\"e-con-inner\">\n\t\t\t\t<div class=\"elementor-element elementor-element-27e30d97 elementor-widget elementor-widget-jet-breadcrumbs\" data-id=\"27e30d97\" data-element_type=\"widget\" data-e-type=\"widget\" data-widget_type=\"jet-breadcrumbs.default\">\n\t\t\t\t<div class=\"elementor-widget-container\">\n\t\t\t\t\t<div class=\"elementor-jet-breadcrumbs jet-blocks\">\n\t\t<div class=\"jet-breadcrumbs\">\n\t\t<div class=\"jet-breadcrumbs__content\">\n\t\t<div class=\"jet-breadcrumbs__wrap\"><div class=\"jet-breadcrumbs__item\"><a href=\"https:\/\/thooft.com\/fr\/\" class=\"jet-breadcrumbs__item-link is-home\" rel=\"home\" title=\"Accueil\">Accueil<\/a><\/div>\n\t\t<\/div>\n\t\t<\/div>\n\t\t<\/div><\/div>\t\t\t\t<\/div>\n\t\t\t\t<\/div>\n\t\t\t\t<div class=\"elementor-element elementor-element-2df56f63 elementor-widget elementor-widget-heading\" data-id=\"2df56f63\" data-element_type=\"widget\" data-e-type=\"widget\" data-widget_type=\"heading.default\">\n\t\t\t\t<div class=\"elementor-widget-container\">\n\t\t\t\t\t<h1 class=\"elementor-heading-title elementor-size-default\">T'Hooft Heures d'ouverture et coordonn\u00e9es<\/h1>\t\t\t\t<\/div>\n\t\t\t\t<\/div>\n\t\t\t\t<div class=\"elementor-element elementor-element-3e0d532e elementor-widget elementor-widget-heading\" data-id=\"3e0d532e\" data-element_type=\"widget\" data-e-type=\"widget\" data-widget_type=\"heading.default\">\n\t\t\t\t<div class=\"elementor-widget-container\">\n\t\t\t\t\t<span class=\"elementor-heading-title elementor-size-default\">Situ\u00e9 juste \u00e0 la sortie de l'autoroute E40 \u00e0 Drongen (Gand, sortie 13) <\/span>\t\t\t\t<\/div>\n\t\t\t\t<\/div>\n\t\t\t\t\t<\/div>\n\t\t\t\t<\/div>\n\t\t<div class=\"elementor-element elementor-element-92c630b e-flex e-con-boxed e-con e-parent\" data-id=\"92c630b\" data-element_type=\"container\" data-e-type=\"container\" data-settings=\"{&quot;jet_parallax_layout_list&quot;:[]}\">\n\t\t\t\t\t<div class=\"e-con-inner\">\n\t\t<div class=\"elementor-element elementor-element-2bdf0b1 e-con-full e-flex e-con e-child\" data-id=\"2bdf0b1\" data-element_type=\"container\" data-e-type=\"container\" data-settings=\"{&quot;jet_parallax_layout_list&quot;:[]}\">\n\t\t<div class=\"elementor-element elementor-element-55b8aab e-con-full e-grid e-con e-child\" data-id=\"55b8aab\" data-element_type=\"container\" data-e-type=\"container\" data-settings=\"{&quot;jet_parallax_layout_list&quot;:[]}\">\n\t\t<div class=\"elementor-element elementor-element-5e1a722 e-con-full e-flex e-con e-child\" data-id=\"5e1a722\" data-element_type=\"container\" data-e-type=\"container\" data-settings=\"{&quot;jet_parallax_layout_list&quot;:[]}\">\n\t\t\t\t<div class=\"elementor-element elementor-element-048d19a elementor-view-default elementor-position-block-start elementor-mobile-position-block-start elementor-widget elementor-widget-icon-box\" data-id=\"048d19a\" data-element_type=\"widget\" data-e-type=\"widget\" data-widget_type=\"icon-box.default\">\n\t\t\t\t<div class=\"elementor-widget-container\">\n\t\t\t\t\t\t\t<div class=\"elementor-icon-box-wrapper\">\n\n\t\t\t\t\t\t<div class=\"elementor-icon-box-icon\">\n\t\t\t\t<a href=\"mailto:info@thooft.com\" class=\"elementor-icon\" tabindex=\"-1\" aria-label=\"Devis \/ Questions ?\">\n\t\t\t\t<svg xmlns=\"http:\/\/www.w3.org\/2000\/svg\" width=\"48\" height=\"48\" viewbox=\"0 0 48 48\" fill=\"none\"><g clip-path=\"url(#clip0_299_6)\"><circle cx=\"24\" cy=\"24\" r=\"24\" fill=\"#002115\"><\/circle><path d=\"M24 18.9361H24.0111M24 22.1816V24.3453M14.0315 22.1816L22.0273 27.3924C22.7401 27.8551 23.0966 28.0864 23.4818 28.1763C23.8221 28.2557 24.177 28.2557 24.5174 28.1763C24.9027 28.0864 25.2591 27.8551 25.9719 27.3924L33.9678 22.1816M22.109 15.765L15.6646 19.7056C15.0569 20.0771 14.7531 20.2629 14.5327 20.5141C14.3376 20.7364 14.1908 20.9949 14.1012 21.2739C14 21.5892 14 21.9386 14 22.6372V29.5381C14 30.7499 14 31.3558 14.2422 31.8186C14.4553 32.2257 14.7952 32.5568 15.2134 32.7642C15.6887 33 16.311 33 17.5556 33H30.4444C31.689 33 32.3113 33 32.7867 32.7642C33.2048 32.5568 33.5448 32.2257 33.7578 31.8186C34 31.3558 34 30.7499 34 29.5381V22.6372C34 21.9386 34 21.5892 33.8988 21.2739C33.8091 20.9949 33.6624 20.7364 33.4673 20.5141C33.247 20.2629 32.9431 20.0771 32.3354 19.7056L25.891 15.765C25.2051 15.3456 24.8622 15.1359 24.4943 15.0542C24.1689 14.9819 23.8311 14.9819 23.5057 15.0542C23.1378 15.1359 22.7949 15.3456 22.109 15.765Z\" stroke=\"white\" stroke-width=\"1.5\" stroke-linecap=\"round\" stroke-linejoin=\"round\"><\/path><\/g><defs><clippath id=\"clip0_299_6\"><rect width=\"48\" height=\"48\" fill=\"white\"><\/rect><\/clippath><\/defs><\/svg>\t\t\t\t<\/a>\n\t\t\t<\/div>\n\t\t\t\n\t\t\t\t\t\t<div class=\"elementor-icon-box-content\">\n\n\t\t\t\t\t\t\t\t\t<h3 class=\"elementor-icon-box-title\">\n\t\t\t\t\t\t<a href=\"mailto:info@thooft.com\" >\n\t\t\t\t\t\t\tDevis \/ Questions ?\t\t\t\t\t\t<\/a>\n\t\t\t\t\t<\/h3>\n\t\t\t\t\n\t\t\t\t\t\t\t\t\t<p class=\"elementor-icon-box-description\">\n\t\t\t\t\t\tinfo@thooft.com\t\t\t\t\t<\/p>\n\t\t\t\t\n\t\t\t<\/div>\n\t\t\t\n\t\t<\/div>\n\t\t\t\t\t\t<\/div>\n\t\t\t\t<\/div>\n\t\t\t\t<\/div>\n\t\t<div class=\"elementor-element elementor-element-fdcbf56 e-con-full e-flex e-con e-child\" data-id=\"fdcbf56\" data-element_type=\"container\" data-e-type=\"container\" data-settings=\"{&quot;jet_parallax_layout_list&quot;:[]}\">\n\t\t\t\t<div class=\"elementor-element elementor-element-41b7d04 elementor-view-default elementor-position-block-start elementor-mobile-position-block-start elementor-widget elementor-widget-icon-box\" data-id=\"41b7d04\" data-element_type=\"widget\" data-e-type=\"widget\" data-widget_type=\"icon-box.default\">\n\t\t\t\t<div class=\"elementor-widget-container\">\n\t\t\t\t\t\t\t<div class=\"elementor-icon-box-wrapper\">\n\n\t\t\t\t\t\t<div class=\"elementor-icon-box-icon\">\n\t\t\t\t<a href=\"tel:+32%20(0)%209%20282%2031%2022\" class=\"elementor-icon\" tabindex=\"-1\" aria-label=\"Appelez-nous\">\n\t\t\t\t<svg xmlns=\"http:\/\/www.w3.org\/2000\/svg\" width=\"48\" height=\"48\" viewbox=\"0 0 48 48\" fill=\"none\"><g clip-path=\"url(#clip0_299_7)\"><circle cx=\"24\" cy=\"24\" r=\"24\" fill=\"#002115\"><\/circle><path d=\"M14 16.7778C14 26.2893 21.7107 34 31.2222 34C31.6513 34 32.0768 33.9843 32.4981 33.9534C32.9816 33.918 33.2232 33.9003 33.4433 33.7737C33.6256 33.6688 33.7983 33.4828 33.8897 33.2933C34 33.0647 34 32.7979 34 32.2644V29.1341C34 28.6854 34 28.4611 33.9261 28.2689C33.861 28.099 33.755 27.9478 33.6177 27.8284C33.4622 27.6933 33.2513 27.6167 32.8298 27.4633L29.2667 26.1677C28.7761 25.9893 28.5308 25.9001 28.2981 25.9152C28.0929 25.9286 27.8954 25.9987 27.7277 26.1176C27.5374 26.2523 27.4032 26.4761 27.1347 26.9238L26.2222 28.4444C23.2779 27.111 20.891 24.721 19.5556 21.7778L21.0763 20.8654C21.5238 20.5968 21.7476 20.4625 21.8824 20.2723C22.0013 20.1045 22.0714 19.9071 22.0848 19.7019C22.0999 19.4692 22.0107 19.2239 21.8323 18.7334L20.5367 15.1702C20.3833 14.7486 20.3067 14.5378 20.1716 14.3823C20.0522 14.245 19.901 14.1391 19.7311 14.0738C19.5388 14 19.3145 14 18.8659 14H15.7356C15.2021 14 14.9353 14 14.7066 14.1103C14.5172 14.2016 14.3313 14.3745 14.2263 14.5567C14.0996 14.7767 14.0819 15.0185 14.0465 15.5019C14.0157 15.9232 14 16.3486 14 16.7778Z\" stroke=\"white\" stroke-width=\"1.5\" stroke-linecap=\"round\" stroke-linejoin=\"round\"><\/path><\/g><defs><clippath id=\"clip0_299_7\"><rect width=\"48\" height=\"48\" fill=\"white\"><\/rect><\/clippath><\/defs><\/svg>\t\t\t\t<\/a>\n\t\t\t<\/div>\n\t\t\t\n\t\t\t\t\t\t<div class=\"elementor-icon-box-content\">\n\n\t\t\t\t\t\t\t\t\t<h3 class=\"elementor-icon-box-title\">\n\t\t\t\t\t\t<a href=\"tel:+32%20(0)%209%20282%2031%2022\" >\n\t\t\t\t\t\t\tAppelez-nous\t\t\t\t\t\t<\/a>\n\t\t\t\t\t<\/h3>\n\t\t\t\t\n\t\t\t\t\t\t\t\t\t<p class=\"elementor-icon-box-description\">\n\t\t\t\t\t\t+32 (0) 9 282 31 22\t\t\t\t\t<\/p>\n\t\t\t\t\n\t\t\t<\/div>\n\t\t\t\n\t\t<\/div>\n\t\t\t\t\t\t<\/div>\n\t\t\t\t<\/div>\n\t\t\t\t<\/div>\n\t\t\t\t<\/div>\n\t\t\t\t<div class=\"elementor-element elementor-element-7866ad8 elementor-widget elementor-widget-html\" data-id=\"7866ad8\" data-element_type=\"widget\" data-e-type=\"widget\" data-widget_type=\"html.default\">\n\t\t\t\t<div class=\"elementor-widget-container\">\n\t\t\t\t\t<iframe\r\n  src=\"https:\/\/www.google.com\/maps?q=T'Hooft%20Buitengewoon%2C%20Moortelputstraat%201%2C%209031%20Drongen&output=embed\"\r\n  width=\"100%\"\r\n  height=\"450\"\r\n  style=\"border:0;\"\r\n  loading=\"lazy\"\r\n  referrerpolicy=\"no-referrer-when-downgrade\"\r\n  allowfullscreen>\r\n<\/iframe>\r\n\t\t\t\t<\/div>\n\t\t\t\t<\/div>\n\t\t\t\t<\/div>\n\t\t<div class=\"elementor-element elementor-element-5bbd0d8 e-con-full e-flex e-con e-child\" data-id=\"5bbd0d8\" data-element_type=\"container\" data-e-type=\"container\" data-settings=\"{&quot;background_background&quot;:&quot;classic&quot;,&quot;jet_parallax_layout_list&quot;:[]}\">\n\t\t<div class=\"elementor-element elementor-element-d2da028 e-con-full e-flex e-con e-child\" data-id=\"d2da028\" data-element_type=\"container\" data-e-type=\"container\" data-settings=\"{&quot;background_background&quot;:&quot;classic&quot;,&quot;jet_parallax_layout_list&quot;:[]}\">\n\t\t\t\t<div class=\"elementor-element elementor-element-9c6b68f elementor-widget elementor-widget-heading\" data-id=\"9c6b68f\" data-element_type=\"widget\" data-e-type=\"widget\" data-widget_type=\"heading.default\">\n\t\t\t\t<div class=\"elementor-widget-container\">\n\t\t\t\t\t<h2 class=\"elementor-heading-title elementor-size-default\">adresse<\/h2>\t\t\t\t<\/div>\n\t\t\t\t<\/div>\n\t\t\t\t<div class=\"elementor-element elementor-element-c560449 elementor-icon-list--layout-traditional elementor-list-item-link-full_width elementor-widget elementor-widget-icon-list\" data-id=\"c560449\" data-element_type=\"widget\" data-e-type=\"widget\" data-widget_type=\"icon-list.default\">\n\t\t\t\t<div class=\"elementor-widget-container\">\n\t\t\t\t\t\t\t<ul class=\"elementor-icon-list-items\">\n\t\t\t\t\t\t\t<li class=\"elementor-icon-list-item\">\n\t\t\t\t\t\t\t\t\t\t<span class=\"elementor-icon-list-text\">SALLE D'EXPOSITION<i>:<\/i><b> <\/b>Moortelputstraat 1 , 9031 Drongen (Gand) Belgique<br><br>MAGAZINE<i>: <\/i>Booiebos 6D1, 9031 Drongen-Industrieterrein [Livraisons].<\/span>\n\t\t\t\t\t\t\t\t\t<\/li>\n\t\t\t\t\t\t\t\t<li class=\"elementor-icon-list-item\">\n\t\t\t\t\t\t\t\t\t\t<span class=\"elementor-icon-list-text\"><\/span>\n\t\t\t\t\t\t\t\t\t<\/li>\n\t\t\t\t\t\t<\/ul>\n\t\t\t\t\t\t<\/div>\n\t\t\t\t<\/div>\n\t\t\t\t<div class=\"elementor-element elementor-element-09c96b0 elementor-widget elementor-widget-heading\" data-id=\"09c96b0\" data-element_type=\"widget\" data-e-type=\"widget\" data-widget_type=\"heading.default\">\n\t\t\t\t<div class=\"elementor-widget-container\">\n\t\t\t\t\t<h2 class=\"elementor-heading-title elementor-size-default\">Heures d'ouverture du SHOWROOM<\/h2>\t\t\t\t<\/div>\n\t\t\t\t<\/div>\n\t\t\t\t<div class=\"elementor-element elementor-element-8fe481e elementor-widget elementor-widget-text-editor\" data-id=\"8fe481e\" data-element_type=\"widget\" data-e-type=\"widget\" data-widget_type=\"text-editor.default\">\n\t\t\t\t<div class=\"elementor-widget-container\">\n\t\t\t\t\t\t\t\t\t<p><strong>Lundi<\/strong>Horaires d'ouverture : 9h30 - 18h30<br \/><strong>Mardi<\/strong>Horaires d'ouverture : 9h30 - 18h30<br \/><strong>Mercredi<\/strong>:\u00a0<span style=\"font-size: 14.4px;\">9.30 - 18.30<\/span>\u2028<br \/><strong>Jeudi<\/strong>: Ferm\u00e9<br \/><strong>Vendredi<\/strong>:\u00a0<span style=\"font-size: 14.4px;\">9.30 - 18.30<\/span><br \/><strong>Samedi<\/strong>:\u00a0<span style=\"font-size: 14.4px;\">9.30 - 18 heures<\/span>\u2028<br \/><strong>Dimanche<\/strong>: Ferm\u00e9<\/p>\t\t\t\t\t\t\t\t<\/div>\n\t\t\t\t<\/div>\n\t\t\t\t<div class=\"elementor-element elementor-element-003be2c elementor-widget elementor-widget-heading\" data-id=\"003be2c\" data-element_type=\"widget\" data-e-type=\"widget\" data-widget_type=\"heading.default\">\n\t\t\t\t<div class=\"elementor-widget-container\">\n\t\t\t\t\t<h2 class=\"elementor-heading-title elementor-size-default\">Heures d'ouverture de la boutique en ligne<\/h2>\t\t\t\t<\/div>\n\t\t\t\t<\/div>\n\t\t\t\t<div class=\"elementor-element elementor-element-73d3ba8 elementor-widget elementor-widget-text-editor\" data-id=\"73d3ba8\" data-element_type=\"widget\" data-e-type=\"widget\" data-widget_type=\"text-editor.default\">\n\t\t\t\t<div class=\"elementor-widget-container\">\n\t\t\t\t\t\t\t\t\t<p>Notre <a href=\"https:\/\/shop.thooft.com\/nl\" target=\"_blank\" rel=\"noopener noreferrer nofollow\">boutique en ligne<\/a> est disponible 24 heures sur 24 et 7 jours sur 7.<\/p>\t\t\t\t\t\t\t\t<\/div>\n\t\t\t\t<\/div>\n\t\t\t\t<div class=\"elementor-element elementor-element-024d207 elementor-widget elementor-widget-heading\" data-id=\"024d207\" data-element_type=\"widget\" data-e-type=\"widget\" data-widget_type=\"heading.default\">\n\t\t\t\t<div class=\"elementor-widget-container\">\n\t\t\t\t\t<h2 class=\"elementor-heading-title elementor-size-default\">Banque<\/h2>\t\t\t\t<\/div>\n\t\t\t\t<\/div>\n\t\t\t\t<div class=\"elementor-element elementor-element-d1f44da elementor-icon-list--layout-traditional elementor-list-item-link-full_width elementor-widget elementor-widget-icon-list\" data-id=\"d1f44da\" data-element_type=\"widget\" data-e-type=\"widget\" data-widget_type=\"icon-list.default\">\n\t\t\t\t<div class=\"elementor-widget-container\">\n\t\t\t\t\t\t\t<ul class=\"elementor-icon-list-items\">\n\t\t\t\t\t\t\t<li class=\"elementor-icon-list-item\">\n\t\t\t\t\t\t\t\t\t\t<span class=\"elementor-icon-list-text\">BIC : KREDBEBB<\/span>\n\t\t\t\t\t\t\t\t\t<\/li>\n\t\t\t\t\t\t\t\t<li class=\"elementor-icon-list-item\">\n\t\t\t\t\t\t\t\t\t\t<span class=\"elementor-icon-list-text\">IBAN BE65 4478 5953 4196<\/span>\n\t\t\t\t\t\t\t\t\t<\/li>\n\t\t\t\t\t\t<\/ul>\n\t\t\t\t\t\t<\/div>\n\t\t\t\t<\/div>\n\t\t\t\t<div class=\"elementor-element elementor-element-a8df89a elementor-widget elementor-widget-heading\" data-id=\"a8df89a\" data-element_type=\"widget\" data-e-type=\"widget\" data-widget_type=\"heading.default\">\n\t\t\t\t<div class=\"elementor-widget-container\">\n\t\t\t\t\t<h2 class=\"elementor-heading-title elementor-size-default\">Num\u00e9ro de TVA et\/ou de CBE<\/h2>\t\t\t\t<\/div>\n\t\t\t\t<\/div>\n\t\t\t\t<div class=\"elementor-element elementor-element-3aad146 elementor-icon-list--layout-traditional elementor-list-item-link-full_width elementor-widget elementor-widget-icon-list\" data-id=\"3aad146\" data-element_type=\"widget\" data-e-type=\"widget\" data-widget_type=\"icon-list.default\">\n\t\t\t\t<div class=\"elementor-widget-container\">\n\t\t\t\t\t\t\t<ul class=\"elementor-icon-list-items\">\n\t\t\t\t\t\t\t<li class=\"elementor-icon-list-item\">\n\t\t\t\t\t\t\t\t\t\t<span class=\"elementor-icon-list-text\">BE0419553704<\/span>\n\t\t\t\t\t\t\t\t\t<\/li>\n\t\t\t\t\t\t<\/ul>\n\t\t\t\t\t\t<\/div>\n\t\t\t\t<\/div>\n\t\t\t\t<\/div>\n\t\t\t\t<\/div>\n\t\t\t\t\t<\/div>\n\t\t\t\t<\/div>\n\t\t<div class=\"elementor-element elementor-element-490e0e9 e-flex e-con-boxed e-con e-parent\" data-id=\"490e0e9\" data-element_type=\"container\" data-e-type=\"container\" data-settings=\"{&quot;jet_parallax_layout_list&quot;:[]}\">\n\t\t\t\t\t<div class=\"e-con-inner\">\n\t\t\t\t<div class=\"elementor-element elementor-element-bbdbacf elementor-widget elementor-widget-html\" data-id=\"bbdbacf\" data-element_type=\"widget\" data-e-type=\"widget\" data-widget_type=\"html.default\">\n\t\t\t\t<div class=\"elementor-widget-container\">\n\t\t\t\t\t<iframe\r\n  src=\"https:\/\/www.google.com\/maps?q=T'Hooft%20Buitengewoon%2C%20Moortelputstraat%201%2C%209031%20Drongen&output=embed\"\r\n  width=\"100%\"\r\n  height=\"450\"\r\n  style=\"border:0;\"\r\n  loading=\"lazy\"\r\n  referrerpolicy=\"no-referrer-when-downgrade\"\r\n  allowfullscreen>\r\n<\/iframe>\r\n\t\t\t\t<\/div>\n\t\t\t\t<\/div>\n\t\t\t\t\t<\/div>\n\t\t\t\t<\/div>\n\t\t\t\t<\/div>","protected":false},"excerpt":{"rendered":"<p>Home T&#8217;Hooft Openingsuren &amp; Contactgegevens Gelegen vlak aan de op- en afrit van de E40 te Drongen (Gent, afrit 13) Offerte \/ Vragen? info@thooft.com Bel ons +32 (0) 9 282 31 22 adres SHOWROOM: Moortelputstraat 1 , 9031 Drongen (Gent) Belgi\u00eb MAGAZIJN: Booiebos 6D1, 9031 Drongen-Industrieterrein [Leveringen] Openingsuren SHOWROOM Maandag: 9u30 \u2013 18u30\u2028Dinsdag: 9u30 \u2013 [&hellip;]<\/p>","protected":false},"author":1,"featured_media":0,"parent":0,"menu_order":0,"comment_status":"closed","ping_status":"closed","template":"","meta":{"footnotes":""},"class_list":["post-10721","page","type-page","status-publish","hentry"],"_links":{"self":[{"href":"https:\/\/thooft.com\/fr\/wp-json\/wp\/v2\/pages\/10721","targetHints":{"allow":["GET"]}}],"collection":[{"href":"https:\/\/thooft.com\/fr\/wp-json\/wp\/v2\/pages"}],"about":[{"href":"https:\/\/thooft.com\/fr\/wp-json\/wp\/v2\/types\/page"}],"author":[{"embeddable":true,"href":"https:\/\/thooft.com\/fr\/wp-json\/wp\/v2\/users\/1"}],"replies":[{"embeddable":true,"href":"https:\/\/thooft.com\/fr\/wp-json\/wp\/v2\/comments?post=10721"}],"version-history":[{"count":54,"href":"https:\/\/thooft.com\/fr\/wp-json\/wp\/v2\/pages\/10721\/revisions"}],"predecessor-version":[{"id":21394,"href":"https:\/\/thooft.com\/fr\/wp-json\/wp\/v2\/pages\/10721\/revisions\/21394"}],"wp:attachment":[{"href":"https:\/\/thooft.com\/fr\/wp-json\/wp\/v2\/media?parent=10721"}],"curies":[{"name":"wp","href":"https:\/\/api.w.org\/{rel}","templated":true}]}}